{"id":196,"date":"2018-01-19T20:00:01","date_gmt":"2018-01-19T19:00:01","guid":{"rendered":"http:\/\/truck-food.de\/?page_id=196"},"modified":"2021-11-20T06:39:18","modified_gmt":"2021-11-20T05:39:18","slug":"story","status":"publish","type":"page","link":"https:\/\/truck-food.de\/?page_id=196","title":{"rendered":"Geschichte"},"content":{"rendered":"\t\t<div data-elementor-type=\"wp-page\" data-elementor-id=\"196\" class=\"elementor elementor-196\">\n\t\t\t\t\t\t<section class=\"elementor-section elementor-top-section elementor-element elementor-element-d9fbda8 elementor-section-boxed elementor-section-height-default elementor-section-height-default\" data-id=\"d9fbda8\" data-element_type=\"section\" data-e-type=\"section\">\n\t\t\t\t\t\t<div class=\"elementor-container elementor-column-gap-default\">\n\t\t\t\t\t<div class=\"elementor-column elementor-col-100 elementor-top-column elementor-element elementor-element-ea2c484\" data-id=\"ea2c484\" data-element_type=\"column\" data-e-type=\"column\">\n\t\t\t<div class=\"elementor-widget-wrap elementor-element-populated\">\n\t\t\t\t\t\t<div class=\"elementor-element elementor-element-7a526a9 elementor-widget elementor-widget-text-editor\" data-id=\"7a526a9\" data-element_type=\"widget\" data-e-type=\"widget\" data-widget_type=\"text-editor.default\">\n\t\t\t\t<div class=\"elementor-widget-container\">\n\t\t\t\t\t\t\t\t\t<p style=\"text-align: center;\"><div id=\"twoj_slideshow_69f16ef039bc8\" class=\"twoj_slideshow\" data-auto=\"false\"  data-width=\"50%\" data-height=\"0\"  data-minwidth=\"33%\" data-minheight=\"0\"  data-maxwidth=\"50%\" data-maxheight=\"0\"  data-ratio=\"800\/600\"  data-nav=\"dots\" data-allowfullscreen=\"true\"  data-arrows=\"true\"  data-keyboard=\"true\"  data-transition=\"crossfade\"  data-transitionduration=\"300\"  data-loop=\"1\"  data-autoplay=\"5000\"  data-stopautoplayontouch=\"true\"  data-fit=\"contain\"  data-margin=\"2\"  data-thumbmargin=\"2\"  data-thumbborderwidth=\"0\"  data-direction=\"rtl\"   data-thumbwidth=\"120\"   data-thumbheight=\"60\" ><a  href=\"https:\/\/truck-food.de\/wp-content\/uploads\/2018\/01\/WhatsApp-Image-2017-09-26-at-11.12.25.jpeg\" ><img fetchpriority=\"high\" decoding=\"async\" src=\"https:\/\/truck-food.de\/wp-content\/uploads\/2018\/01\/WhatsApp-Image-2017-09-26-at-11.12.25-300x225.jpeg\"  alt=\"WhatsApp Image 2017-09-26 at 11.12.25\" width=\"300\" height=\"225\"><\/a><a  href=\"https:\/\/truck-food.de\/wp-content\/uploads\/2018\/01\/WhatsApp-Image-2018-01-13-at-19.56.48.jpeg\" ><img decoding=\"async\" src=\"https:\/\/truck-food.de\/wp-content\/uploads\/2018\/01\/WhatsApp-Image-2018-01-13-at-19.56.48-169x300.jpeg\"  alt=\"WhatsApp Image 2018-01-13 at 19.56.48\" width=\"169\" height=\"300\"><\/a><a  href=\"https:\/\/truck-food.de\/wp-content\/uploads\/2018\/01\/WhatsApp-Image-2018-01-13-at-19.56.45.jpeg\" ><img decoding=\"async\" src=\"https:\/\/truck-food.de\/wp-content\/uploads\/2018\/01\/WhatsApp-Image-2018-01-13-at-19.56.45-225x300.jpeg\"  alt=\"WhatsApp Image 2018-01-13 at 19.56.45\" width=\"225\" height=\"300\"><\/a><a  href=\"https:\/\/truck-food.de\/wp-content\/uploads\/2018\/01\/WhatsApp-Image-2018-01-13-at-19.56.43.jpeg\" ><img loading=\"lazy\" decoding=\"async\" src=\"https:\/\/truck-food.de\/wp-content\/uploads\/2018\/01\/WhatsApp-Image-2018-01-13-at-19.56.43-300x225.jpeg\"  alt=\"WhatsApp Image 2018-01-13 at 19.56.43\" width=\"300\" height=\"225\"><\/a><a  href=\"https:\/\/truck-food.de\/wp-content\/uploads\/2018\/01\/WhatsApp-Image-2018-01-12-at-13.14.30.jpeg\" ><img loading=\"lazy\" decoding=\"async\" src=\"https:\/\/truck-food.de\/wp-content\/uploads\/2018\/01\/WhatsApp-Image-2018-01-12-at-13.14.30-300x169.jpeg\"  alt=\"WhatsApp Image 2018-01-12 at 13.14.30\" width=\"300\" height=\"169\"><\/a><a  href=\"https:\/\/truck-food.de\/wp-content\/uploads\/2018\/01\/WhatsApp-Image-2018-01-10-at-19.32.58.jpeg\" ><img loading=\"lazy\" decoding=\"async\" src=\"https:\/\/truck-food.de\/wp-content\/uploads\/2018\/01\/WhatsApp-Image-2018-01-10-at-19.32.58-300x225.jpeg\"  alt=\"WhatsApp Image 2018-01-10 at 19.32.58\" width=\"300\" height=\"225\"><\/a><a  href=\"https:\/\/truck-food.de\/wp-content\/uploads\/2018\/01\/WhatsApp-Image-2018-01-15-at-19.38.02.jpeg\" ><img loading=\"lazy\" decoding=\"async\" src=\"https:\/\/truck-food.de\/wp-content\/uploads\/2018\/01\/WhatsApp-Image-2018-01-15-at-19.38.02-300x200.jpeg\"  alt=\"WhatsApp Image 2018-01-15 at 19.38.02\" width=\"300\" height=\"200\"><\/a><a  href=\"https:\/\/truck-food.de\/wp-content\/uploads\/2018\/01\/WhatsApp-Image-2018-01-15-at-19.38.021.jpeg\" ><img loading=\"lazy\" decoding=\"async\" src=\"https:\/\/truck-food.de\/wp-content\/uploads\/2018\/01\/WhatsApp-Image-2018-01-15-at-19.38.021-300x200.jpeg\"  alt=\"WhatsApp Image 2018-01-15 at 19.38.02(1)\" width=\"300\" height=\"200\"><\/a><a  href=\"https:\/\/truck-food.de\/wp-content\/uploads\/2018\/01\/gespann-1.png\" ><img loading=\"lazy\" decoding=\"async\" src=\"https:\/\/truck-food.de\/wp-content\/uploads\/2018\/01\/gespann-1-300x156.png\"  alt=\"gespann\" width=\"300\" height=\"156\"><\/a><a  href=\"https:\/\/truck-food.de\/wp-content\/uploads\/2018\/01\/haenger.png\" ><img loading=\"lazy\" decoding=\"async\" src=\"https:\/\/truck-food.de\/wp-content\/uploads\/2018\/01\/haenger-300x221.png\"  alt=\"haenger\" width=\"300\" height=\"221\"><\/a><a  href=\"https:\/\/truck-food.de\/wp-content\/uploads\/2018\/01\/WhatsApp-Image-2017-11-26-at-16.19.03.jpeg\" ><img loading=\"lazy\" decoding=\"async\" src=\"https:\/\/truck-food.de\/wp-content\/uploads\/2018\/01\/WhatsApp-Image-2017-11-26-at-16.19.03-300x225.jpeg\"  alt=\"WhatsApp Image 2017-11-26 at 16.19.03\" width=\"300\" height=\"225\"><\/a><a  href=\"https:\/\/truck-food.de\/wp-content\/uploads\/2018\/01\/WhatsApp-Image-2018-01-13-at-19.56.52.jpeg\" ><img loading=\"lazy\" decoding=\"async\" src=\"https:\/\/truck-food.de\/wp-content\/uploads\/2018\/01\/WhatsApp-Image-2018-01-13-at-19.56.52-300x225.jpeg\"  alt=\"WhatsApp Image 2018-01-13 at 19.56.52\" width=\"300\" height=\"225\"><\/a><a  href=\"https:\/\/truck-food.de\/wp-content\/uploads\/2018\/01\/WhatsApp-Image-2018-01-14-at-16.53.21.jpeg\" ><img loading=\"lazy\" decoding=\"async\" src=\"https:\/\/truck-food.de\/wp-content\/uploads\/2018\/01\/WhatsApp-Image-2018-01-14-at-16.53.21-200x300.jpeg\"  alt=\"WhatsApp Image 2018-01-14 at 16.53.21\" width=\"200\" height=\"300\"><\/a><\/div><div style=\"clear: both;\"><\/div><script>var twoj_slideshow_69f16ef039bc8 = {}, twoj_slideshow_69f16ef039bc8_css = \"\",\r\n\t\thead = document.head || document.getElementsByTagName(\"head\")[0],\r\n\t\tstyle = document.createElement(\"style\");\r\n\t\tstyle.type = \"text\/css\";\r\n\t\tif (style.styleSheet) style.styleSheet.cssText = twoj_slideshow_69f16ef039bc8_css;\r\n\t\t\telse  style.appendChild(document.createTextNode(twoj_slideshow_69f16ef039bc8_css));\r\n\t\thead.appendChild(style);<\/script><\/p>\t\t\t\t\t\t\t\t<\/div>\n\t\t\t\t<\/div>\n\t\t\t\t\t<\/div>\n\t\t<\/div>\n\t\t\t\t\t<\/div>\n\t\t<\/section>\n\t\t\t\t<section class=\"elementor-section elementor-top-section elementor-element elementor-element-6ec6d62 elementor-section-boxed elementor-section-height-default elementor-section-height-default\" data-id=\"6ec6d62\" data-element_type=\"section\" data-e-type=\"section\">\n\t\t\t\t\t\t<div class=\"elementor-container elementor-column-gap-default\">\n\t\t\t\t\t<div class=\"elementor-column elementor-col-100 elementor-top-column elementor-element elementor-element-77b21b2\" data-id=\"77b21b2\" data-element_type=\"column\" data-e-type=\"column\">\n\t\t\t<div class=\"elementor-widget-wrap elementor-element-populated\">\n\t\t\t\t\t\t<div class=\"elementor-element elementor-element-21aef87 elementor-invisible elementor-widget elementor-widget-text-editor\" data-id=\"21aef87\" data-element_type=\"widget\" data-e-type=\"widget\" data-settings=\"{&quot;_animation&quot;:&quot;bounceIn&quot;}\" data-widget_type=\"text-editor.default\">\n\t\t\t\t<div class=\"elementor-widget-container\">\n\t\t\t\t\t\t\t\t\t<p style=\"text-align: center;\"><span style=\"color: #000000;\">Anfang des 21. Jahrhunderts trafen Lars und Denis sich auf einer Nachbarschaftsparty am Rande Breckerfelds und waren sich auf Anhieb sympathisch.<\/span><\/p><p style=\"text-align: center;\"><span style=\"color: #000000;\">Daraus entstand mit den Jahren eine Freundschaft, auf dessen Basis letzt endlich eine Gesch\u00e4ftsidee entstand.<\/span><\/p><p style=\"text-align: center;\"><span style=\"color: #000000;\">Ende 2017, auf einem dieser Strassenfeste, an einem \u201eFrittenwagen\u201c, kam die Erkenntnis, dass man das irgendwie geschickter und besser anstellen k\u00f6nne.<\/span><\/p><p style=\"text-align: center;\"><span style=\"color: #000000;\">Der Lars, schlagfertig wie er ist, hatte auch direkt ein passendes Gef\u00e4hrt im Sinn\u2026<\/span><\/p><p style=\"text-align: center;\"><span style=\"color: #000000;\">Nicht lange \u00fcberlegt sondern schnell gehandelt, stand dann pl\u00f6tzlich ein alter Pferdewagen vor der Haust\u00fcre.<\/span><\/p><p style=\"text-align: center;\"><span style=\"color: #000000;\">Mit eigenen Kr\u00e4ften und etwas handwerklichem Geschickt entstand in wenigen Wochen ein gem\u00fctliches wie praktisches Interieur.<\/span><\/p><p style=\"text-align: center;\"><span style=\"color: #000000;\">Mit den Beziehungen und Kontakten von Denis konnten dann die letzten wichtigen Accessoires besorgt und angebracht werden.<\/span><\/p>\t\t\t\t\t\t\t\t<\/div>\n\t\t\t\t<\/div>\n\t\t\t\t\t<\/div>\n\t\t<\/div>\n\t\t\t\t\t<\/div>\n\t\t<\/section>\n\t\t\t\t<section class=\"elementor-section elementor-top-section elementor-element elementor-element-7dcf5c1 elementor-section-boxed elementor-section-height-default elementor-section-height-default\" data-id=\"7dcf5c1\" data-element_type=\"section\" data-e-type=\"section\">\n\t\t\t\t\t\t<div class=\"elementor-container elementor-column-gap-default\">\n\t\t\t\t\t<div class=\"elementor-column elementor-col-100 elementor-top-column elementor-element elementor-element-204b899\" data-id=\"204b899\" data-element_type=\"column\" data-e-type=\"column\">\n\t\t\t<div class=\"elementor-widget-wrap elementor-element-populated\">\n\t\t\t\t\t\t<div class=\"elementor-element elementor-element-314304d elementor-widget__width-auto elementor-widget elementor-widget-text-editor\" data-id=\"314304d\" data-element_type=\"widget\" data-e-type=\"widget\" data-widget_type=\"text-editor.default\">\n\t\t\t\t<div class=\"elementor-widget-container\">\n\t\t\t\t\t\t\t\t\t<p style=\"text-align: center;\"><style>#rpg-871 .img-slider-item .caption { background-color: #ffffff;  }#rpg-871 .img-slider-item .figc {color:#ffffff;}#rpg-871 .rpg-title {  font-size: 18px; }#rpg-871 { width:22;}#rpg-871  p.description { color:#ffffff;font-size:14px; }#rpg-871  .rpg-title { color:#ffffff; }<\/style>\n\r\n\r\n\r\n\r\n<div id=\"rpg-871\" class=\"img-slider image-slider \" style=\"margin: 50px auto;\" data-config=\"{&quot;columns&quot;:12,&quot;gutter&quot;:8}\">\r\n\r\n\r\n\r\n<style type=\"text\/css\">\r\n\r\n\t \/*custom css for full-width*\/\r\n    \/*.post-inner {\r\n      padding-top: 0rem; \r\n    }\r\n\r\n    body.template-full-width .entry-content > *:not(.alignwide):not(.alignfull):not(.alignleft):not(.alignright):not(.is-style-wide), body.template-full-width [class*=\"__inner-container\"] > *:not(.alignwide):not(.alignfull):not(.alignleft):not(.alignright):not(.is-style-wide)\r\n    {\r\n      max-width: max-content;\r\n    }*\/\r\n\r\n\t.carousel-inner img {\r\n      width: 100%;\r\n      height: 100% !important;\r\n \t}\r\n\r\n\t.img-slider-carousel-caption {\r\n\t     bottom: 50px !important; \r\n\t}\r\n \r\n\t #img-slider-demo h5{\r\n\t  margin: 12px;\r\n\t } \r\n\r\n\t #img-slider-demo .carousel-indicators{\r\n\t    position:absolute;\r\n\t    bottom:10px;\r\n\t    left:50%;\r\n\t    z-index:15;\r\n\t    width:60%;\r\n\t    padding-left:0;\r\n\t    margin-left:-30%;\r\n\t    text-align:center;\r\n\t    list-style:none\r\n\t}\r\n\t#img-slider-demo .carousel-indicators li{\r\n\t   \/* display:inline-block;\r\n\t    width:10px;\r\n\t    height:10px;\r\n\t    margin:1px;\r\n\t    text-indent:-999px;\r\n\t    cursor:pointer;\r\n\t    background-color:#000\\9;\r\n\t    background-color:rgba(0,0,0,0);\r\n\t    border:1px solid #fff;\r\n\t    border-radius:10px;*\/\r\n\r\n\t    display:inline-block;\r\n\t    position: relative;\r\n\t    width: 30px;\r\n\t    height: 10px;\r\n\t    background-color: #fff;\r\n\t    border-radius: 10px;\r\n\t    margin:0px 3px !important;\r\n\t}\r\n\t#img-slider-demo .carousel-indicators .active{\r\n\t\t\/*width:12px;\r\n\t\theight:12px;*\/\r\n\t\t\/*margin:0;*\/\r\n\t\tbackground-color:#43baff !important;\r\n\r\n\t\twidth: 30px;\r\n\t    height: 10px;\r\n\t}\r\n\r\n\r\n    .img-slider-swiper-button-prev {\r\n        position: relative;\r\n        width: auto;\r\n        height: auto;\r\n        padding: 5px 20px;\r\n        background: transparent; \r\n        border-radius: 0%; \r\n        background-position: -82px -22px;\r\n        cursor: pointer;\r\n        top: 45%;\r\n        left: 30px;\r\n        margin-top: -25px;\r\n        position: absolute;\r\n        z-index: 110;\r\n    }\r\n\r\n    .img-slider-swiper-button-next {\r\n        position: relative;\r\n        right: 30px;\r\n        left: auto;\r\n        background-position: -81px -99px;\r\n        padding: 5px 20px;\r\n        width: auto;\r\n        height: auto;\r\n        background: transparent; \r\n        border-radius: 0%;\r\n        cursor: pointer;\r\n        top: 45%;\r\n        margin-top: -25px;\r\n        position: absolute;\r\n        z-index: 110;\r\n    }\r\n\r\n    #img-slider-demo .carousel-item:after{\r\n    \tbackground: none !important;\r\n    }\r\n\r\n    .img-slider-swiper-button-next:after, .img-slider-swiper-button-prev:after{\r\n        font-size: 32px; \r\n        font-weight: bold;\r\n        color: #107eb6;  \r\n    }\r\n\r\n    .img-slider-swiper-button-prev:hover,\r\n    .img-slider-swiper-button-next:hover {\r\n        background: #107eb6;\r\n    }\r\n\r\n    .carousel-control-prev:hover .img-slider-swiper-button-prev:after,\r\n    .carousel-control-next:hover .img-slider-swiper-button-next:after{\r\n        color: #fff;\r\n    }\r\n\r\n<\/style>\r\n\r\n\t\t\t\t\t\r\n\t\r\n\t\t\t\t\t\r\n\t\r\n\t\t\t\t\t\r\n\t\r\n\t\t\t\t\t\r\n\t\r\n\t\t\t\t\t\r\n\t\r\n\t\t\t\t\t\r\n\t\r\n\t\t\t\t\t\r\n\t\r\n\t\t\t\t\t\r\n\t\r\n\t\t\t\t\t\r\n\t\r\n\t\t\t\t\t\r\n\t\r\n\t\t\t\t\t\r\n\t\r\n\t\t\t\t\t\r\n\t\r\n\t\t\t\t\t\r\n\t\r\n\r\n\r\n  \r\n \r\n\r\n<div id=\"img-slider-demo\" class=\"carousel slide\" data-ride=\"carousel\" data-interval=\"3000\">\r\n\t  <!-- Indicators -->\r\n\t\t\r\n\t  <div class=\"carousel-inner\">\r\n\t    \r\n\r\n\t    <!-- ========================================================================== -->\r\n\t    \t\t\t\t\t\t\t\t\t\t\t\t<div class=\"carousel-item active\">\r\n\t\t\t\t\t\t      <img decoding=\"async\" src=\"https:\/\/truck-food.de\/wp-content\/uploads\/2018\/01\/WhatsApp-Image-2017-09-26-at-11.12.25.jpeg\" >\r\n\t\t\t\t\t\t\t\t<div class=\"img-slider-carousel-caption d-none d-md-block\">\r\n\t\t\t\t\t\t\t\t\t\r\n\t                                \t\t\t\t\t\t\t\t\t\t<p style=\"font-family: Arial;\r\n\t                                   \r\n\t\t\t\t\t\t\t\t\t\t\">\r\n\t\t\t\t\t\t\t\t\t\t<span style=\"line-height: normal;\r\n\t\t\t\t\t\t\t\t\t\tfont-size: 14px;\r\n\t\t\t\t\t\t\t\t\t\tcolor: #ffffff;\r\n\t\t\t\t\t\t\t\t\t\tbackground-color: ;\r\n\t\t\t\t\t\t\t\t\t\t\t\t\t padding: 5px;\r\n\t\t\t\t\t\t\t\t\t\t\t\t\t border-radius: 3px;\r\n\t\t\t\t\t\t\t\t\t\t\"><\/span><\/p>\r\n\t\t\t\t\t\t\t\t\t\t\t\t\t\t\t  \t\t<\/div>\r\n\t\t\t\t\t\t    <\/div>\r\n\t\t\t\t\t\t\t\t\r\n\t\t\t\t\r\n\t\t\t\t\t\t\r\n\t\t\t\t\t    \r\n\r\n\t\t\t\t\t\t\t\t\t\t\t\t\t\t\t<div class=\"carousel-item\">\r\n\t\t\t\t\t\t      <img decoding=\"async\" src=\"https:\/\/truck-food.de\/wp-content\/uploads\/2018\/01\/WhatsApp-Image-2018-01-13-at-19.56.52.jpeg\" >\r\n\t\t\t\t\t\t      <div class=\"img-slider-carousel-caption d-none d-md-block\">\r\n\t\t\t\t\t\t\t\t    \r\n\t                                \t\t\t\t\t\t  \t\t<\/div>\r\n\t\t\t\t\t\t    <\/div>\r\n\t\t\t\t\t\t\t\t\r\n\t\t\t\t\r\n\t\t\t\t\t\t\r\n\t\t\t\t\t    \r\n\r\n\t\t\t\t\t\t\t\t\t\t\t\t\t\t\t<div class=\"carousel-item\">\r\n\t\t\t\t\t\t      <img decoding=\"async\" src=\"https:\/\/truck-food.de\/wp-content\/uploads\/2018\/01\/WhatsApp-Image-2018-01-13-at-19.56.48.jpeg\" >\r\n\t\t\t\t\t\t      <div class=\"img-slider-carousel-caption d-none d-md-block\">\r\n\t\t\t\t\t\t\t\t    \r\n\t                                \t\t\t\t\t\t  \t\t<\/div>\r\n\t\t\t\t\t\t    <\/div>\r\n\t\t\t\t\t\t\t\t\r\n\t\t\t\t\r\n\t\t\t\t\t\t\r\n\t\t\t\t\t    \r\n\r\n\t\t\t\t\t\t\t\t\t\t\t\t\t\t\t<div class=\"carousel-item\">\r\n\t\t\t\t\t\t      <img decoding=\"async\" src=\"https:\/\/truck-food.de\/wp-content\/uploads\/2018\/01\/WhatsApp-Image-2018-01-10-at-19.32.58.jpeg\" >\r\n\t\t\t\t\t\t      <div class=\"img-slider-carousel-caption d-none d-md-block\">\r\n\t\t\t\t\t\t\t\t    \r\n\t                                \t\t\t\t\t\t  \t\t<\/div>\r\n\t\t\t\t\t\t    <\/div>\r\n\t\t\t\t\t\t\t\t\r\n\t\t\t\t\r\n\t\t\t\t\t\t\r\n\t\t\t\t\t    \r\n\r\n\t\t\t\t\t\t\t\t\t\t\t\t\t\t\t<div class=\"carousel-item\">\r\n\t\t\t\t\t\t      <img decoding=\"async\" src=\"https:\/\/truck-food.de\/wp-content\/uploads\/2018\/01\/WhatsApp-Image-2017-11-26-at-16.19.03.jpeg\" >\r\n\t\t\t\t\t\t      <div class=\"img-slider-carousel-caption d-none d-md-block\">\r\n\t\t\t\t\t\t\t\t    \r\n\t                                \t\t\t\t\t\t  \t\t<\/div>\r\n\t\t\t\t\t\t    <\/div>\r\n\t\t\t\t\t\t\t\t\r\n\t\t\t\t\r\n\t\t\t\t\t\t\r\n\t\t\t\t\t    \r\n\r\n\t\t\t\t\t\t\t\t\t\t\t\t\t\t\t<div class=\"carousel-item\">\r\n\t\t\t\t\t\t      <img decoding=\"async\" src=\"https:\/\/truck-food.de\/wp-content\/uploads\/2018\/01\/WhatsApp-Image-2018-01-12-at-13.14.30.jpeg\" >\r\n\t\t\t\t\t\t      <div class=\"img-slider-carousel-caption d-none d-md-block\">\r\n\t\t\t\t\t\t\t\t    \r\n\t                                \t\t\t\t\t\t  \t\t<\/div>\r\n\t\t\t\t\t\t    <\/div>\r\n\t\t\t\t\t\t\t\t\r\n\t\t\t\t\r\n\t\t\t\t\t\t\r\n\t\t\t\t\t    \r\n\r\n\t\t\t\t\t\t\t\t\t\t\t\t\t\t\t<div class=\"carousel-item\">\r\n\t\t\t\t\t\t      <img decoding=\"async\" src=\"https:\/\/truck-food.de\/wp-content\/uploads\/2018\/01\/WhatsApp-Image-2018-01-13-at-19.56.43.jpeg\" >\r\n\t\t\t\t\t\t      <div class=\"img-slider-carousel-caption d-none d-md-block\">\r\n\t\t\t\t\t\t\t\t    \r\n\t                                \t\t\t\t\t\t  \t\t<\/div>\r\n\t\t\t\t\t\t    <\/div>\r\n\t\t\t\t\t\t\t\t\r\n\t\t\t\t\r\n\t\t\t\t\t\t\r\n\t\t\t\t\t    \r\n\r\n\t\t\t\t\t\t\t\t\t\t\t\t\t\t\t<div class=\"carousel-item\">\r\n\t\t\t\t\t\t      <img decoding=\"async\" src=\"https:\/\/truck-food.de\/wp-content\/uploads\/2018\/01\/WhatsApp-Image-2018-01-13-at-19.56.45.jpeg\" >\r\n\t\t\t\t\t\t      <div class=\"img-slider-carousel-caption d-none d-md-block\">\r\n\t\t\t\t\t\t\t\t    \r\n\t                                \t\t\t\t\t\t  \t\t<\/div>\r\n\t\t\t\t\t\t    <\/div>\r\n\t\t\t\t\t\t\t\t\r\n\t\t\t\t\r\n\t\t\t\t\t\t\r\n\t\t\t\t\t    \r\n\r\n\t\t\t\t\t\t\t\t\t\t\t\t\t\t\t<div class=\"carousel-item\">\r\n\t\t\t\t\t\t      <img decoding=\"async\" src=\"https:\/\/truck-food.de\/wp-content\/uploads\/2018\/01\/WhatsApp-Image-2018-01-14-at-16.53.21.jpeg\" >\r\n\t\t\t\t\t\t      <div class=\"img-slider-carousel-caption d-none d-md-block\">\r\n\t\t\t\t\t\t\t\t    \r\n\t                                \t\t\t\t\t\t  \t\t<\/div>\r\n\t\t\t\t\t\t    <\/div>\r\n\t\t\t\t\t\t\t\t\r\n\t\t\t\t\r\n\t\t\t\t\t\t\r\n\t\t\t\t\t    \r\n\r\n\t\t\t\t\t\t\t\t\t\t\t\t\t\t\t<div class=\"carousel-item\">\r\n\t\t\t\t\t\t      <img decoding=\"async\" src=\"https:\/\/truck-food.de\/wp-content\/uploads\/2018\/01\/WhatsApp-Image-2018-01-15-at-19.38.021.jpeg\" >\r\n\t\t\t\t\t\t      <div class=\"img-slider-carousel-caption d-none d-md-block\">\r\n\t\t\t\t\t\t\t\t    \r\n\t                                \t\t\t\t\t\t  \t\t<\/div>\r\n\t\t\t\t\t\t    <\/div>\r\n\t\t\t\t\t\t\t\t\r\n\t\t\t\t\r\n\t\t\t\t\t\t\r\n\t\t\t\t\t    \r\n\r\n\t\t\t\t\t\t\t\t\t\t\t\t\t\t\t<div class=\"carousel-item\">\r\n\t\t\t\t\t\t      <img decoding=\"async\" src=\"https:\/\/truck-food.de\/wp-content\/uploads\/2018\/02\/a47852da-fd3c-4e89-adaa-042ba875a846.jpg\" >\r\n\t\t\t\t\t\t      <div class=\"img-slider-carousel-caption d-none d-md-block\">\r\n\t\t\t\t\t\t\t\t    \r\n\t                                \t\t\t\t\t\t  \t\t<\/div>\r\n\t\t\t\t\t\t    <\/div>\r\n\t\t\t\t\t\t\t\t\r\n\t\t\t\t\r\n\t\t\t\t\t\t\r\n\t\t\t\t\t    \r\n\r\n\t\t\t\t\t\t\t\t\t\t\t\t\t\t\t<div class=\"carousel-item\">\r\n\t\t\t\t\t\t      <img decoding=\"async\" src=\"https:\/\/truck-food.de\/wp-content\/uploads\/2018\/03\/43c05a2d-4764-438b-985a-abbc607b985f-1024x768-1.jpg\" >\r\n\t\t\t\t\t\t      <div class=\"img-slider-carousel-caption d-none d-md-block\">\r\n\t\t\t\t\t\t\t\t    \r\n\t                                \t\t\t\t\t\t  \t\t<\/div>\r\n\t\t\t\t\t\t    <\/div>\r\n\t\t\t\t\t\t\t\t\r\n\t\t\t\t\r\n\t\t\t\t\t\t\r\n\t\t\t\t\t    \r\n\r\n\t\t\t\t\t\t\t\t\t\t\t\t\t\t\t<div class=\"carousel-item\">\r\n\t\t\t\t\t\t      <img decoding=\"async\" src=\"https:\/\/truck-food.de\/wp-content\/uploads\/2019\/03\/IMG-20190217-WA0043.jpg\" >\r\n\t\t\t\t\t\t      <div class=\"img-slider-carousel-caption d-none d-md-block\">\r\n\t\t\t\t\t\t\t\t    \r\n\t                                \t\t\t\t\t\t  \t\t<\/div>\r\n\t\t\t\t\t\t    <\/div>\r\n\t\t\t\t\t\t\t\t\r\n\t\t\t\t\r\n\t\t\t\t\t\t\r\n\t\t\t\t\t    \r\n\r\n\t\t\t\r\n\t    <!-- ========================================================================== -->\r\n\r\n\t    \r\n\t  <\/div>\r\n\t  \r\n\r\n\t<!-- Left and right controls -->\r\n\t<\/div><!-- img-slider-demo -->\r\n\r\n<script type=\"text\/javascript\">\r\n\t\/*$('#carousel').carousel({\r\n\t  data-interval=\"1000\"\r\n\t});*\/\r\n\r\n\t\/*var auto_play = '<php echo $auto_play; ?>';\r\n\tauto_play = (auto_play==1) ? true : false;\r\n\r\n\r\n\tif(auto_play==false){\r\n\tconsole.log(auto_play);\r\n\t\tjQuery(window).load(function() {\r\n\r\n\t    \tjQuery('.carousel').carousel('pause');\r\n\t \r\n\t\t});\r\n\t}*\/\r\n<\/script>\r\n<\/div>\r\n\r\n\r\n\r\n\r\n\r\n\t\r\n\r\n<\/p>\t\t\t\t\t\t\t\t<\/div>\n\t\t\t\t<\/div>\n\t\t\t\t\t<\/div>\n\t\t<\/div>\n\t\t\t\t\t<\/div>\n\t\t<\/section>\n\t\t\t\t<section class=\"elementor-section elementor-top-section elementor-element elementor-element-4524a9a elementor-section-boxed elementor-section-height-default elementor-section-height-default\" data-id=\"4524a9a\" data-element_type=\"section\" data-e-type=\"section\">\n\t\t\t\t\t\t<div class=\"elementor-container elementor-column-gap-default\">\n\t\t\t\t\t<div class=\"elementor-column elementor-col-100 elementor-top-column elementor-element elementor-element-f75e8f9\" data-id=\"f75e8f9\" data-element_type=\"column\" data-e-type=\"column\">\n\t\t\t<div class=\"elementor-widget-wrap elementor-element-populated\">\n\t\t\t\t\t\t<div class=\"elementor-element elementor-element-b966f01 elementor-invisible elementor-widget elementor-widget-text-editor\" data-id=\"b966f01\" data-element_type=\"widget\" data-e-type=\"widget\" data-settings=\"{&quot;_animation&quot;:&quot;bounceIn&quot;}\" data-widget_type=\"text-editor.default\">\n\t\t\t\t<div class=\"elementor-widget-container\">\n\t\t\t\t\t\t\t\t\t<h3 style=\"text-align: center;\"><span style=\"color: #000000;\">Besonderen Dank gilt es an Tina f\u00fcr die tollen Logos, an Uwe und Frank f\u00fcr die Metallarbeiten an der Verkaufsklappe, sowie Dennis f\u00fcr die Elektrik zu vergeben.<\/span><\/h3>\t\t\t\t\t\t\t\t<\/div>\n\t\t\t\t<\/div>\n\t\t\t\t\t<\/div>\n\t\t<\/div>\n\t\t\t\t\t<\/div>\n\t\t<\/section>\n\t\t\t\t<\/div>\n\t\t ","protected":false},"excerpt":{"rendered":"<p>Anfang des 21. Jahrhunderts trafen Lars und Denis sich auf einer Nachbarschaftsparty am Rande Breckerfelds und waren sich auf Anhieb sympathisch. Daraus entstand mit den Jahren eine Freundschaft, auf dessen Basis letzt endlich eine Gesch\u00e4ftsidee entstand. Ende 2017, auf einem dieser Strassenfeste, an einem \u201eFrittenwagen\u201c, kam die Erkenntnis, dass man das irgendwie geschickter und besser &hellip;<\/p>\n","protected":false},"author":3,"featured_media":0,"parent":0,"menu_order":0,"comment_status":"closed","ping_status":"open","template":"page-templates\/page-full-width.php","meta":{"footnotes":""},"class_list":["post-196","page","type-page","status-publish","hentry"],"_links":{"self":[{"href":"https:\/\/truck-food.de\/index.php?rest_route=\/wp\/v2\/pages\/196","targetHints":{"allow":["GET"]}}],"collection":[{"href":"https:\/\/truck-food.de\/index.php?rest_route=\/wp\/v2\/pages"}],"about":[{"href":"https:\/\/truck-food.de\/index.php?rest_route=\/wp\/v2\/types\/page"}],"author":[{"embeddable":true,"href":"https:\/\/truck-food.de\/index.php?rest_route=\/wp\/v2\/users\/3"}],"replies":[{"embeddable":true,"href":"https:\/\/truck-food.de\/index.php?rest_route=%2Fwp%2Fv2%2Fcomments&post=196"}],"version-history":[{"count":63,"href":"https:\/\/truck-food.de\/index.php?rest_route=\/wp\/v2\/pages\/196\/revisions"}],"predecessor-version":[{"id":915,"href":"https:\/\/truck-food.de\/index.php?rest_route=\/wp\/v2\/pages\/196\/revisions\/915"}],"wp:attachment":[{"href":"https:\/\/truck-food.de\/index.php?rest_route=%2Fwp%2Fv2%2Fmedia&parent=196"}],"curies":[{"name":"wp","href":"https:\/\/api.w.org\/{rel}","templated":true}]}}