{"id":288,"date":"2018-02-21T08:01:55","date_gmt":"2018-02-21T07:01:55","guid":{"rendered":"http:\/\/truck-food.de\/?page_id=288"},"modified":"2022-06-24T14:35:26","modified_gmt":"2022-06-24T12:35:26","slug":"blog","status":"publish","type":"page","link":"https:\/\/truck-food.de\/?page_id=288","title":{"rendered":"Blog"},"content":{"rendered":"<hr \/>\n<h1 style=\"text-align: center;\"><\/h1>\n<h1 style=\"text-align: center;\">Die erste nicht-\u00f6ffentliche Veranstaltung f\u00fcr alle Helfer und Unterst\u00fctzer<\/h1>\n<p style=\"text-align: center;\">Mit etwa 50 G\u00e4sten wurde das Beef-Mobil zum ersten Mal getestet. Die Resonanz war gro\u00dfartig.<\/p>\n<p style=\"text-align: center;\">Unterst\u00fctz von <a href=\"http:\/\/itsallpink.de\/\" target=\"_blank\" rel=\"noopener noreferrer\"><img decoding=\"async\" class=\"wp-image-284 aligncenter\" src=\"https:\/\/truck-food.de\/wp-content\/uploads\/2018\/02\/19396615_10203226974513000_8709221218997747207_n.jpg\" alt=\"\" width=\"142\" height=\"142\" srcset=\"https:\/\/truck-food.de\/wp-content\/uploads\/2018\/02\/19396615_10203226974513000_8709221218997747207_n.jpg 960w, https:\/\/truck-food.de\/wp-content\/uploads\/2018\/02\/19396615_10203226974513000_8709221218997747207_n-150x150.jpg 150w, https:\/\/truck-food.de\/wp-content\/uploads\/2018\/02\/19396615_10203226974513000_8709221218997747207_n-300x300.jpg 300w, https:\/\/truck-food.de\/wp-content\/uploads\/2018\/02\/19396615_10203226974513000_8709221218997747207_n-768x768.jpg 768w, https:\/\/truck-food.de\/wp-content\/uploads\/2018\/02\/19396615_10203226974513000_8709221218997747207_n-800x800.jpg 800w\" sizes=\"(max-width: 142px) 100vw, 142px\" \/><\/a> gab es zu den leckeren Burgern auch noch etwas Live-Musik.<\/p>\n<p style=\"text-align: center;\"><img fetchpriority=\"high\" decoding=\"async\" class=\"wp-image-277 alignnone\" src=\"https:\/\/truck-food.de\/wp-content\/uploads\/2018\/02\/6c2eae00-0b95-4031-b070-7ef5ea46ad2d-768x1024.jpg\" alt=\"\" width=\"485\" height=\"644\" \/><\/p>\n<p style=\"text-align: center;\"><img decoding=\"async\" class=\"size-large wp-image-281 alignnone\" src=\"https:\/\/truck-food.de\/wp-content\/uploads\/2018\/02\/a47852da-fd3c-4e89-adaa-042ba875a846-1024x768.jpg\" alt=\"\" width=\"640\" height=\"480\" srcset=\"https:\/\/truck-food.de\/wp-content\/uploads\/2018\/02\/a47852da-fd3c-4e89-adaa-042ba875a846-1024x768.jpg 1024w, https:\/\/truck-food.de\/wp-content\/uploads\/2018\/02\/a47852da-fd3c-4e89-adaa-042ba875a846-300x225.jpg 300w, https:\/\/truck-food.de\/wp-content\/uploads\/2018\/02\/a47852da-fd3c-4e89-adaa-042ba875a846-768x576.jpg 768w, https:\/\/truck-food.de\/wp-content\/uploads\/2018\/02\/a47852da-fd3c-4e89-adaa-042ba875a846-800x600.jpg 800w, https:\/\/truck-food.de\/wp-content\/uploads\/2018\/02\/a47852da-fd3c-4e89-adaa-042ba875a846.jpg 1280w\" sizes=\"(max-width: 640px) 100vw, 640px\" \/><\/p>\n<p style=\"text-align: center;\"><img loading=\"lazy\" decoding=\"async\" class=\"size-large wp-image-357 alignnone\" src=\"https:\/\/truck-food.de\/wp-content\/uploads\/2018\/03\/43c05a2d-4764-438b-985a-abbc607b985f-1024x768-1-1024x768.jpg\" alt=\"\" width=\"640\" height=\"480\" srcset=\"https:\/\/truck-food.de\/wp-content\/uploads\/2018\/03\/43c05a2d-4764-438b-985a-abbc607b985f-1024x768-1.jpg 1024w, https:\/\/truck-food.de\/wp-content\/uploads\/2018\/03\/43c05a2d-4764-438b-985a-abbc607b985f-1024x768-1-300x225.jpg 300w, https:\/\/truck-food.de\/wp-content\/uploads\/2018\/03\/43c05a2d-4764-438b-985a-abbc607b985f-1024x768-1-768x576.jpg 768w, https:\/\/truck-food.de\/wp-content\/uploads\/2018\/03\/43c05a2d-4764-438b-985a-abbc607b985f-1024x768-1-800x600.jpg 800w\" sizes=\"(max-width: 640px) 100vw, 640px\" \/><\/p>\n<p style=\"text-align: center;\"><img loading=\"lazy\" decoding=\"async\" class=\"wp-image-280 aligncenter\" src=\"https:\/\/truck-food.de\/wp-content\/uploads\/2018\/02\/694e1c86-17a3-4b02-8c03-543cfe755097-768x1024.jpg\" alt=\"\" width=\"394\" height=\"526\" srcset=\"https:\/\/truck-food.de\/wp-content\/uploads\/2018\/02\/694e1c86-17a3-4b02-8c03-543cfe755097-768x1024.jpg 768w, https:\/\/truck-food.de\/wp-content\/uploads\/2018\/02\/694e1c86-17a3-4b02-8c03-543cfe755097-225x300.jpg 225w, https:\/\/truck-food.de\/wp-content\/uploads\/2018\/02\/694e1c86-17a3-4b02-8c03-543cfe755097-800x1067.jpg 800w, https:\/\/truck-food.de\/wp-content\/uploads\/2018\/02\/694e1c86-17a3-4b02-8c03-543cfe755097.jpg 960w\" sizes=\"(max-width: 394px) 100vw, 394px\" \/><\/p>\n<p style=\"text-align: center;\"><img loading=\"lazy\" decoding=\"async\" class=\"size-large wp-image-282 aligncenter\" src=\"https:\/\/truck-food.de\/wp-content\/uploads\/2018\/02\/aaac9bbe-3f4f-4f12-9bfd-e360648503a8-1024x682.jpg\" alt=\"\" width=\"640\" height=\"426\" srcset=\"https:\/\/truck-food.de\/wp-content\/uploads\/2018\/02\/aaac9bbe-3f4f-4f12-9bfd-e360648503a8-1024x682.jpg 1024w, https:\/\/truck-food.de\/wp-content\/uploads\/2018\/02\/aaac9bbe-3f4f-4f12-9bfd-e360648503a8-300x200.jpg 300w, https:\/\/truck-food.de\/wp-content\/uploads\/2018\/02\/aaac9bbe-3f4f-4f12-9bfd-e360648503a8-768x512.jpg 768w, https:\/\/truck-food.de\/wp-content\/uploads\/2018\/02\/aaac9bbe-3f4f-4f12-9bfd-e360648503a8-800x533.jpg 800w, https:\/\/truck-food.de\/wp-content\/uploads\/2018\/02\/aaac9bbe-3f4f-4f12-9bfd-e360648503a8.jpg 1280w\" sizes=\"(max-width: 640px) 100vw, 640px\" \/><\/p>\n<p style=\"text-align: center;\">\n<p style=\"text-align: center;\">Zus\u00e4tzlich wurde f\u00fcr den F\u00f6rderverein<\/p>\n<p style=\"text-align: center;\">\u201ePferde St\u00e4rken Dich\u201c e.V.<\/p>\n<p style=\"text-align: center;\">auf dem Hof<\/p>\n<p style=\"text-align: center;\">Wengeberg gesammelt und gespendet.<\/p>\n<h2 style=\"text-align: center;\"><a href=\"https:\/\/paarberatung-hof-wengeberg.de\/foerderverein\/\" target=\"_blank\" rel=\"noopener noreferrer\"><img loading=\"lazy\" decoding=\"async\" class=\"size-full wp-image-295 aligncenter\" src=\"https:\/\/truck-food.de\/wp-content\/uploads\/2018\/02\/Unbenannt.png\" alt=\"\" width=\"112\" height=\"106\" \/><\/a>Tolle Aktion!<\/h2>\n<hr \/>\n<h1 style=\"text-align: center;\"><\/h1>\n<h1 style=\"text-align: center;\">am 10.03.2018 waren wir in der Zeitung<\/h1>\n<p style=\"text-align: center;\"><a href=\"https:\/\/www.wp.de\/staedte\/hagen\/breckerfelder-burger-leidenschaft-aus-dem-pferdeanhaenger-id213675585.html\" target=\"_blank\" rel=\"noopener noreferrer\">https:\/\/www.wp.de\/staedte\/hagen\/breckerfelder-burger-leidenschaft-aus-dem-pferdeanhaenger-id213675585.html<\/a><\/p>\n<p style=\"text-align: center;\"><a href=\"https:\/\/www.wp.de\/staedte\/hagen\/breckerfelder-burger-leidenschaft-aus-dem-pferdeanhaenger-id213675585.html\" target=\"_blank\" rel=\"noopener noreferrer\"><img loading=\"lazy\" decoding=\"async\" class=\"aligncenter size-full wp-image-323\" src=\"https:\/\/truck-food.de\/wp-content\/uploads\/2018\/03\/picture-179881170.jpg\" alt=\"\" width=\"940\" height=\"450\" srcset=\"https:\/\/truck-food.de\/wp-content\/uploads\/2018\/03\/picture-179881170.jpg 940w, https:\/\/truck-food.de\/wp-content\/uploads\/2018\/03\/picture-179881170-300x144.jpg 300w, https:\/\/truck-food.de\/wp-content\/uploads\/2018\/03\/picture-179881170-768x368.jpg 768w, https:\/\/truck-food.de\/wp-content\/uploads\/2018\/03\/picture-179881170-800x383.jpg 800w\" sizes=\"(max-width: 940px) 100vw, 940px\" \/><\/a><\/p>\n<p style=\"text-align: center;\">super Bericht von Jens Stubbe, Danke<\/p>\n<hr \/>\n<h1 style=\"text-align: center;\">Ostern 2018 bei Baumeister<\/h1>\n<p style=\"text-align: center;\">\n<p style=\"text-align: center;\"><img loading=\"lazy\" decoding=\"async\" class=\"aligncenter size-full wp-image-415\" src=\"https:\/\/truck-food.de\/wp-content\/uploads\/2018\/04\/29694929_1748082918614767_5122527260292332523_n.jpg\" alt=\"\" width=\"720\" height=\"960\" srcset=\"https:\/\/truck-food.de\/wp-content\/uploads\/2018\/04\/29694929_1748082918614767_5122527260292332523_n.jpg 720w, https:\/\/truck-food.de\/wp-content\/uploads\/2018\/04\/29694929_1748082918614767_5122527260292332523_n-225x300.jpg 225w\" sizes=\"(max-width: 720px) 100vw, 720px\" \/><\/p>\n<p style=\"text-align: center;\">\n<p style=\"text-align: center;\"><img loading=\"lazy\" decoding=\"async\" class=\"aligncenter size-full wp-image-417\" src=\"https:\/\/truck-food.de\/wp-content\/uploads\/2018\/04\/WhatsApp-Image-2018-03-30-at-20.43.59.jpeg\" alt=\"\" width=\"720\" height=\"540\" srcset=\"https:\/\/truck-food.de\/wp-content\/uploads\/2018\/04\/WhatsApp-Image-2018-03-30-at-20.43.59.jpeg 720w, https:\/\/truck-food.de\/wp-content\/uploads\/2018\/04\/WhatsApp-Image-2018-03-30-at-20.43.59-300x225.jpeg 300w\" sizes=\"(max-width: 720px) 100vw, 720px\" \/><\/p>\n<p style=\"text-align: center;\">Zwei Tage voller Einsatz, der sich aber gelohnt hat.<\/p>\n<p style=\"text-align: center;\">Viele satte und gl\u00fcckliche Menschen und ein paar neue Fans haben wir auch dazu bekommen&#8230;<\/p>\n<p style=\"text-align: center;\"><img loading=\"lazy\" decoding=\"async\" class=\"wp-image-419 alignleft\" src=\"https:\/\/truck-food.de\/wp-content\/uploads\/2018\/04\/WhatsApp-Image-2018-03-30-at-19.51.191-1024x768.jpeg\" alt=\"\" width=\"160\" height=\"120\" srcset=\"https:\/\/truck-food.de\/wp-content\/uploads\/2018\/04\/WhatsApp-Image-2018-03-30-at-19.51.191-1024x768.jpeg 1024w, https:\/\/truck-food.de\/wp-content\/uploads\/2018\/04\/WhatsApp-Image-2018-03-30-at-19.51.191-300x225.jpeg 300w, https:\/\/truck-food.de\/wp-content\/uploads\/2018\/04\/WhatsApp-Image-2018-03-30-at-19.51.191-768x576.jpeg 768w, https:\/\/truck-food.de\/wp-content\/uploads\/2018\/04\/WhatsApp-Image-2018-03-30-at-19.51.191-800x600.jpeg 800w, https:\/\/truck-food.de\/wp-content\/uploads\/2018\/04\/WhatsApp-Image-2018-03-30-at-19.51.191.jpeg 1280w\" sizes=\"(max-width: 160px) 100vw, 160px\" \/><img loading=\"lazy\" decoding=\"async\" class=\"wp-image-420 alignleft\" src=\"https:\/\/truck-food.de\/wp-content\/uploads\/2018\/04\/WhatsApp-Image-2018-03-30-at-19.51.19-768x1024.jpeg\" alt=\"\" width=\"160\" height=\"213\" srcset=\"https:\/\/truck-food.de\/wp-content\/uploads\/2018\/04\/WhatsApp-Image-2018-03-30-at-19.51.19-768x1024.jpeg 768w, https:\/\/truck-food.de\/wp-content\/uploads\/2018\/04\/WhatsApp-Image-2018-03-30-at-19.51.19-225x300.jpeg 225w, https:\/\/truck-food.de\/wp-content\/uploads\/2018\/04\/WhatsApp-Image-2018-03-30-at-19.51.19-800x1067.jpeg 800w, https:\/\/truck-food.de\/wp-content\/uploads\/2018\/04\/WhatsApp-Image-2018-03-30-at-19.51.19.jpeg 960w\" sizes=\"(max-width: 160px) 100vw, 160px\" \/><img loading=\"lazy\" decoding=\"async\" class=\"wp-image-421 alignleft\" src=\"https:\/\/truck-food.de\/wp-content\/uploads\/2018\/04\/WhatsApp-Image-2018-03-30-at-19.51.20-1024x768.jpeg\" alt=\"\" width=\"160\" height=\"120\" srcset=\"https:\/\/truck-food.de\/wp-content\/uploads\/2018\/04\/WhatsApp-Image-2018-03-30-at-19.51.20-1024x768.jpeg 1024w, https:\/\/truck-food.de\/wp-content\/uploads\/2018\/04\/WhatsApp-Image-2018-03-30-at-19.51.20-300x225.jpeg 300w, https:\/\/truck-food.de\/wp-content\/uploads\/2018\/04\/WhatsApp-Image-2018-03-30-at-19.51.20-768x576.jpeg 768w, https:\/\/truck-food.de\/wp-content\/uploads\/2018\/04\/WhatsApp-Image-2018-03-30-at-19.51.20-800x600.jpeg 800w, https:\/\/truck-food.de\/wp-content\/uploads\/2018\/04\/WhatsApp-Image-2018-03-30-at-19.51.20.jpeg 1280w\" sizes=\"(max-width: 160px) 100vw, 160px\" \/><img loading=\"lazy\" decoding=\"async\" class=\"wp-image-422 alignleft\" src=\"https:\/\/truck-food.de\/wp-content\/uploads\/2018\/04\/WhatsApp-Image-2018-03-30-at-19.51.22-768x1024.jpeg\" alt=\"\" width=\"160\" height=\"214\" srcset=\"https:\/\/truck-food.de\/wp-content\/uploads\/2018\/04\/WhatsApp-Image-2018-03-30-at-19.51.22-768x1024.jpeg 768w, https:\/\/truck-food.de\/wp-content\/uploads\/2018\/04\/WhatsApp-Image-2018-03-30-at-19.51.22-225x300.jpeg 225w, https:\/\/truck-food.de\/wp-content\/uploads\/2018\/04\/WhatsApp-Image-2018-03-30-at-19.51.22-800x1067.jpeg 800w, https:\/\/truck-food.de\/wp-content\/uploads\/2018\/04\/WhatsApp-Image-2018-03-30-at-19.51.22.jpeg 960w\" sizes=\"(max-width: 160px) 100vw, 160px\" \/><\/p>\n<p style=\"text-align: center;\">\n<p style=\"text-align: center;\">\n<p style=\"text-align: center;\">\n<hr \/>\n<h1 style=\"text-align: center;\">10 J\u00e4hriges Firmenjubil\u00e4um in Ennepetal &#8211; Oberbauer<\/h1>\n<hr \/>\n<h1 style=\"text-align: center;\">Mega Party bei Glasdeals in Hagen<a href=\"https:\/\/www.glasdeals.de\/\"><img loading=\"lazy\" decoding=\"async\" class=\"aligncenter size-full wp-image-442\" src=\"https:\/\/truck-food.de\/wp-content\/uploads\/2018\/05\/Glasdeals.png\" alt=\"\" width=\"266\" height=\"158\" \/><\/a><\/h1>\n<p style=\"text-align: center;\">Voller K\u00f6rpereinsatz bis in die Morgenstunden mit unseren Frauen.<\/p>\n<p style=\"text-align: center;\">\n<hr \/>\n<h1 style=\"text-align: center;\">Erneut bei Pferde st\u00e4rken Dich e.V. in Breckerfeld<\/h1>\n<h2 style=\"text-align: center;\"><a href=\"https:\/\/paarberatung-hof-wengeberg.de\/foerderverein\/\" target=\"_blank\" rel=\"noopener noreferrer\"><img loading=\"lazy\" decoding=\"async\" class=\"size-full wp-image-295 aligncenter\" src=\"https:\/\/truck-food.de\/wp-content\/uploads\/2018\/02\/Unbenannt.png\" alt=\"\" width=\"112\" height=\"106\" \/><\/a><\/h2>\n<div style=\"width: 640px;\" class=\"wp-video\"><video class=\"wp-video-shortcode\" id=\"video-288-1\" width=\"640\" height=\"360\" preload=\"metadata\" controls=\"controls\"><source type=\"video\/mp4\" src=\"https:\/\/truck-food.de\/wp-content\/uploads\/2018\/05\/Breckerfeld.mp4?_=1\" \/><a href=\"https:\/\/truck-food.de\/wp-content\/uploads\/2018\/05\/Breckerfeld.mp4\">https:\/\/truck-food.de\/wp-content\/uploads\/2018\/05\/Breckerfeld.mp4<\/a><\/video><\/div>\n<hr \/>\n<h1 style=\"text-align: center;\">kleine Geburtstags\u00fcberraschung zum 80. in Gelsenkirchen<\/h1>\n<p style=\"text-align: center;\">selbstverst\u00e4ndlich kostenlos \ud83d\ude09<\/p>\n<h1 style=\"text-align: center;\"><img loading=\"lazy\" decoding=\"async\" class=\"aligncenter size-large wp-image-471\" src=\"https:\/\/truck-food.de\/wp-content\/uploads\/2018\/06\/IMG-20180507-WA0036-1024x768.jpg\" alt=\"\" width=\"640\" height=\"480\" srcset=\"https:\/\/truck-food.de\/wp-content\/uploads\/2018\/06\/IMG-20180507-WA0036.jpg 1024w, https:\/\/truck-food.de\/wp-content\/uploads\/2018\/06\/IMG-20180507-WA0036-300x225.jpg 300w, https:\/\/truck-food.de\/wp-content\/uploads\/2018\/06\/IMG-20180507-WA0036-768x576.jpg 768w, https:\/\/truck-food.de\/wp-content\/uploads\/2018\/06\/IMG-20180507-WA0036-800x600.jpg 800w\" sizes=\"(max-width: 640px) 100vw, 640px\" \/> <img loading=\"lazy\" decoding=\"async\" class=\"aligncenter size-large wp-image-472\" src=\"https:\/\/truck-food.de\/wp-content\/uploads\/2018\/06\/IMG-20180507-WA0037-1024x768.jpg\" alt=\"\" width=\"640\" height=\"480\" srcset=\"https:\/\/truck-food.de\/wp-content\/uploads\/2018\/06\/IMG-20180507-WA0037.jpg 1024w, https:\/\/truck-food.de\/wp-content\/uploads\/2018\/06\/IMG-20180507-WA0037-300x225.jpg 300w, https:\/\/truck-food.de\/wp-content\/uploads\/2018\/06\/IMG-20180507-WA0037-768x576.jpg 768w, https:\/\/truck-food.de\/wp-content\/uploads\/2018\/06\/IMG-20180507-WA0037-800x600.jpg 800w\" sizes=\"(max-width: 640px) 100vw, 640px\" \/> <img loading=\"lazy\" decoding=\"async\" class=\"aligncenter size-large wp-image-473\" src=\"https:\/\/truck-food.de\/wp-content\/uploads\/2018\/06\/IMG-20180507-WA0039-1024x768.jpg\" alt=\"\" width=\"640\" height=\"480\" srcset=\"https:\/\/truck-food.de\/wp-content\/uploads\/2018\/06\/IMG-20180507-WA0039.jpg 1024w, https:\/\/truck-food.de\/wp-content\/uploads\/2018\/06\/IMG-20180507-WA0039-300x225.jpg 300w, https:\/\/truck-food.de\/wp-content\/uploads\/2018\/06\/IMG-20180507-WA0039-768x576.jpg 768w, https:\/\/truck-food.de\/wp-content\/uploads\/2018\/06\/IMG-20180507-WA0039-800x600.jpg 800w\" sizes=\"(max-width: 640px) 100vw, 640px\" \/> <img loading=\"lazy\" decoding=\"async\" class=\"aligncenter size-large wp-image-474\" src=\"https:\/\/truck-food.de\/wp-content\/uploads\/2018\/06\/IMG-20180507-WA0052-1024x679.jpg\" alt=\"\" width=\"640\" height=\"424\" srcset=\"https:\/\/truck-food.de\/wp-content\/uploads\/2018\/06\/IMG-20180507-WA0052.jpg 1024w, https:\/\/truck-food.de\/wp-content\/uploads\/2018\/06\/IMG-20180507-WA0052-300x199.jpg 300w, https:\/\/truck-food.de\/wp-content\/uploads\/2018\/06\/IMG-20180507-WA0052-768x509.jpg 768w, https:\/\/truck-food.de\/wp-content\/uploads\/2018\/06\/IMG-20180507-WA0052-800x530.jpg 800w\" sizes=\"(max-width: 640px) 100vw, 640px\" \/> <img loading=\"lazy\" decoding=\"async\" class=\"aligncenter size-large wp-image-475\" src=\"https:\/\/truck-food.de\/wp-content\/uploads\/2018\/06\/IMG-20180507-WA0053-1024x679.jpg\" alt=\"\" width=\"640\" height=\"424\" srcset=\"https:\/\/truck-food.de\/wp-content\/uploads\/2018\/06\/IMG-20180507-WA0053.jpg 1024w, https:\/\/truck-food.de\/wp-content\/uploads\/2018\/06\/IMG-20180507-WA0053-300x199.jpg 300w, https:\/\/truck-food.de\/wp-content\/uploads\/2018\/06\/IMG-20180507-WA0053-768x509.jpg 768w, https:\/\/truck-food.de\/wp-content\/uploads\/2018\/06\/IMG-20180507-WA0053-800x530.jpg 800w\" sizes=\"(max-width: 640px) 100vw, 640px\" \/> <img loading=\"lazy\" decoding=\"async\" class=\"aligncenter size-large wp-image-476\" src=\"https:\/\/truck-food.de\/wp-content\/uploads\/2018\/06\/IMG-20180507-WA0055-679x1024.jpg\" alt=\"\" width=\"640\" height=\"965\" srcset=\"https:\/\/truck-food.de\/wp-content\/uploads\/2018\/06\/IMG-20180507-WA0055.jpg 679w, https:\/\/truck-food.de\/wp-content\/uploads\/2018\/06\/IMG-20180507-WA0055-199x300.jpg 199w\" sizes=\"(max-width: 640px) 100vw, 640px\" \/><\/h1>\n<p style=\"text-align: center;\">\n<hr \/>\n<h2 style=\"text-align: center;\">2019 startet in der hagener Stadthalle zum Jubil\u00e4um der Firma<\/h2>\n<p><img loading=\"lazy\" decoding=\"async\" class=\"aligncenter size-full wp-image-593\" src=\"https:\/\/truck-food.de\/wp-content\/uploads\/2019\/03\/hawkerlogo_n.jpg\" alt=\"\" width=\"200\" height=\"44\" \/><\/p>\n<p><img loading=\"lazy\" decoding=\"async\" class=\"aligncenter size-large wp-image-592\" src=\"https:\/\/truck-food.de\/wp-content\/uploads\/2019\/03\/IMG-20190217-WA0046-768x1024.jpg\" alt=\"\" width=\"640\" height=\"853\" srcset=\"https:\/\/truck-food.de\/wp-content\/uploads\/2019\/03\/IMG-20190217-WA0046-768x1024.jpg 768w, https:\/\/truck-food.de\/wp-content\/uploads\/2019\/03\/IMG-20190217-WA0046-225x300.jpg 225w, https:\/\/truck-food.de\/wp-content\/uploads\/2019\/03\/IMG-20190217-WA0046-800x1067.jpg 800w, https:\/\/truck-food.de\/wp-content\/uploads\/2019\/03\/IMG-20190217-WA0046.jpg 1200w\" sizes=\"(max-width: 640px) 100vw, 640px\" \/><\/p>\n<p><img loading=\"lazy\" decoding=\"async\" class=\"aligncenter size-large wp-image-585\" src=\"https:\/\/truck-food.de\/wp-content\/uploads\/2019\/03\/IMG-20190217-WA0039-1024x768.jpg\" alt=\"\" width=\"640\" height=\"480\" srcset=\"https:\/\/truck-food.de\/wp-content\/uploads\/2019\/03\/IMG-20190217-WA0039-1024x768.jpg 1024w, https:\/\/truck-food.de\/wp-content\/uploads\/2019\/03\/IMG-20190217-WA0039-300x225.jpg 300w, https:\/\/truck-food.de\/wp-content\/uploads\/2019\/03\/IMG-20190217-WA0039-768x576.jpg 768w, https:\/\/truck-food.de\/wp-content\/uploads\/2019\/03\/IMG-20190217-WA0039-800x600.jpg 800w, https:\/\/truck-food.de\/wp-content\/uploads\/2019\/03\/IMG-20190217-WA0039.jpg 1600w\" sizes=\"(max-width: 640px) 100vw, 640px\" \/> <img loading=\"lazy\" decoding=\"async\" class=\"aligncenter size-large wp-image-586\" src=\"https:\/\/truck-food.de\/wp-content\/uploads\/2019\/03\/IMG-20190217-WA0040-1024x768.jpg\" alt=\"\" width=\"640\" height=\"480\" srcset=\"https:\/\/truck-food.de\/wp-content\/uploads\/2019\/03\/IMG-20190217-WA0040-1024x768.jpg 1024w, https:\/\/truck-food.de\/wp-content\/uploads\/2019\/03\/IMG-20190217-WA0040-300x225.jpg 300w, https:\/\/truck-food.de\/wp-content\/uploads\/2019\/03\/IMG-20190217-WA0040-768x576.jpg 768w, https:\/\/truck-food.de\/wp-content\/uploads\/2019\/03\/IMG-20190217-WA0040-800x600.jpg 800w, https:\/\/truck-food.de\/wp-content\/uploads\/2019\/03\/IMG-20190217-WA0040.jpg 1600w\" sizes=\"(max-width: 640px) 100vw, 640px\" \/> <img loading=\"lazy\" decoding=\"async\" class=\"aligncenter size-large wp-image-587\" src=\"https:\/\/truck-food.de\/wp-content\/uploads\/2019\/03\/IMG-20190217-WA0041-1024x768.jpg\" alt=\"\" width=\"640\" height=\"480\" srcset=\"https:\/\/truck-food.de\/wp-content\/uploads\/2019\/03\/IMG-20190217-WA0041-1024x768.jpg 1024w, https:\/\/truck-food.de\/wp-content\/uploads\/2019\/03\/IMG-20190217-WA0041-300x225.jpg 300w, https:\/\/truck-food.de\/wp-content\/uploads\/2019\/03\/IMG-20190217-WA0041-768x576.jpg 768w, https:\/\/truck-food.de\/wp-content\/uploads\/2019\/03\/IMG-20190217-WA0041-800x600.jpg 800w, https:\/\/truck-food.de\/wp-content\/uploads\/2019\/03\/IMG-20190217-WA0041.jpg 1600w\" sizes=\"(max-width: 640px) 100vw, 640px\" \/> <img loading=\"lazy\" decoding=\"async\" class=\"aligncenter size-large wp-image-588\" src=\"https:\/\/truck-food.de\/wp-content\/uploads\/2019\/03\/IMG-20190217-WA0042-1024x768.jpg\" alt=\"\" width=\"640\" height=\"480\" srcset=\"https:\/\/truck-food.de\/wp-content\/uploads\/2019\/03\/IMG-20190217-WA0042-1024x768.jpg 1024w, https:\/\/truck-food.de\/wp-content\/uploads\/2019\/03\/IMG-20190217-WA0042-300x225.jpg 300w, https:\/\/truck-food.de\/wp-content\/uploads\/2019\/03\/IMG-20190217-WA0042-768x576.jpg 768w, https:\/\/truck-food.de\/wp-content\/uploads\/2019\/03\/IMG-20190217-WA0042-800x600.jpg 800w, https:\/\/truck-food.de\/wp-content\/uploads\/2019\/03\/IMG-20190217-WA0042.jpg 1600w\" sizes=\"(max-width: 640px) 100vw, 640px\" \/> <img loading=\"lazy\" decoding=\"async\" class=\"aligncenter size-large wp-image-589\" src=\"https:\/\/truck-food.de\/wp-content\/uploads\/2019\/03\/IMG-20190217-WA0043-1024x768.jpg\" alt=\"\" width=\"640\" height=\"480\" srcset=\"https:\/\/truck-food.de\/wp-content\/uploads\/2019\/03\/IMG-20190217-WA0043-1024x768.jpg 1024w, https:\/\/truck-food.de\/wp-content\/uploads\/2019\/03\/IMG-20190217-WA0043-300x225.jpg 300w, https:\/\/truck-food.de\/wp-content\/uploads\/2019\/03\/IMG-20190217-WA0043-768x576.jpg 768w, https:\/\/truck-food.de\/wp-content\/uploads\/2019\/03\/IMG-20190217-WA0043-800x600.jpg 800w, https:\/\/truck-food.de\/wp-content\/uploads\/2019\/03\/IMG-20190217-WA0043.jpg 1600w\" sizes=\"(max-width: 640px) 100vw, 640px\" \/> <img loading=\"lazy\" decoding=\"async\" class=\"aligncenter size-large wp-image-590\" src=\"https:\/\/truck-food.de\/wp-content\/uploads\/2019\/03\/IMG-20190217-WA0044-1024x768.jpg\" alt=\"\" width=\"640\" height=\"480\" srcset=\"https:\/\/truck-food.de\/wp-content\/uploads\/2019\/03\/IMG-20190217-WA0044-1024x768.jpg 1024w, https:\/\/truck-food.de\/wp-content\/uploads\/2019\/03\/IMG-20190217-WA0044-300x225.jpg 300w, https:\/\/truck-food.de\/wp-content\/uploads\/2019\/03\/IMG-20190217-WA0044-768x576.jpg 768w, https:\/\/truck-food.de\/wp-content\/uploads\/2019\/03\/IMG-20190217-WA0044-800x600.jpg 800w, https:\/\/truck-food.de\/wp-content\/uploads\/2019\/03\/IMG-20190217-WA0044.jpg 1600w\" sizes=\"(max-width: 640px) 100vw, 640px\" \/><\/p>\n<hr \/>\n<p style=\"text-align: center;\">more to come&#8230;<\/p>\n ","protected":false},"excerpt":{"rendered":"<p>Die erste nicht-\u00f6ffentliche Veranstaltung f\u00fcr alle Helfer und Unterst\u00fctzer Mit etwa 50 G\u00e4sten wurde das Beef-Mobil zum ersten Mal getestet. Die Resonanz war gro\u00dfartig. Unterst\u00fctz von gab es zu den leckeren Burgern auch noch etwas Live-Musik. Zus\u00e4tzlich wurde f\u00fcr den F\u00f6rderverein \u201ePferde St\u00e4rken Dich\u201c e.V. auf dem Hof Wengeberg gesammelt und gespendet. Tolle Aktion! am &hellip;<\/p>\n","protected":false},"author":3,"featured_media":0,"parent":0,"menu_order":0,"comment_status":"closed","ping_status":"open","template":"page-templates\/page-no-sidebar.php","meta":{"footnotes":""},"class_list":["post-288","page","type-page","status-publish","hentry"],"_links":{"self":[{"href":"https:\/\/truck-food.de\/index.php?rest_route=\/wp\/v2\/pages\/288","targetHints":{"allow":["GET"]}}],"collection":[{"href":"https:\/\/truck-food.de\/index.php?rest_route=\/wp\/v2\/pages"}],"about":[{"href":"https:\/\/truck-food.de\/index.php?rest_route=\/wp\/v2\/types\/page"}],"author":[{"embeddable":true,"href":"https:\/\/truck-food.de\/index.php?rest_route=\/wp\/v2\/users\/3"}],"replies":[{"embeddable":true,"href":"https:\/\/truck-food.de\/index.php?rest_route=%2Fwp%2Fv2%2Fcomments&post=288"}],"version-history":[{"count":39,"href":"https:\/\/truck-food.de\/index.php?rest_route=\/wp\/v2\/pages\/288\/revisions"}],"predecessor-version":[{"id":2082,"href":"https:\/\/truck-food.de\/index.php?rest_route=\/wp\/v2\/pages\/288\/revisions\/2082"}],"wp:attachment":[{"href":"https:\/\/truck-food.de\/index.php?rest_route=%2Fwp%2Fv2%2Fmedia&parent=288"}],"curies":[{"name":"wp","href":"https:\/\/api.w.org\/{rel}","templated":true}]}}